{"id":31,"date":"2025-10-20T15:46:21","date_gmt":"2025-10-20T15:46:21","guid":{"rendered":"https:\/\/www.spielefueralle.de\/?page_id=31"},"modified":"2026-01-20T10:40:34","modified_gmt":"2026-01-20T10:40:34","slug":"spiele-fuer-alle-inklusiv","status":"publish","type":"page","link":"https:\/\/www.spielefueralle.de\/","title":{"rendered":"Spiele f\u00fcr alle &#8211; inklusiv"},"content":{"rendered":"<div class=\"wp-block-image\">\n<figure class=\"aligncenter size-full\"><img loading=\"lazy\" decoding=\"async\" width=\"1660\" height=\"1660\" src=\"https:\/\/www.spielefueralle.de\/wp-content\/uploads\/2025\/10\/cropped-cropped-Spiele-fuer-alle-quadratisch.png\" alt=\"Logo Spiele f\u00fcr alle\" class=\"wp-image-47\" srcset=\"https:\/\/www.spielefueralle.de\/wp-content\/uploads\/2025\/10\/cropped-cropped-Spiele-fuer-alle-quadratisch.png 1660w, https:\/\/www.spielefueralle.de\/wp-content\/uploads\/2025\/10\/cropped-cropped-Spiele-fuer-alle-quadratisch-300x300.png 300w, https:\/\/www.spielefueralle.de\/wp-content\/uploads\/2025\/10\/cropped-cropped-Spiele-fuer-alle-quadratisch-1024x1024.png 1024w, https:\/\/www.spielefueralle.de\/wp-content\/uploads\/2025\/10\/cropped-cropped-Spiele-fuer-alle-quadratisch-150x150.png 150w, https:\/\/www.spielefueralle.de\/wp-content\/uploads\/2025\/10\/cropped-cropped-Spiele-fuer-alle-quadratisch-768x768.png 768w, https:\/\/www.spielefueralle.de\/wp-content\/uploads\/2025\/10\/cropped-cropped-Spiele-fuer-alle-quadratisch-1536x1536.png 1536w, https:\/\/www.spielefueralle.de\/wp-content\/uploads\/2025\/10\/cropped-cropped-Spiele-fuer-alle-quadratisch-1568x1568.png 1568w\" sizes=\"auto, (max-width: 1660px) 100vw, 1660px\" \/><\/figure>\n<\/div>\n\n\n<div style=\"height:50px\" aria-hidden=\"true\" class=\"wp-block-spacer\"><\/div>\n\n\n\n<h2 class=\"wp-block-heading\"><strong>Neueste Infos<\/strong>:<\/h2>\n\n\n\n<div class=\"wp-block-media-text is-stacked-on-mobile\" style=\"grid-template-columns:45% auto\"><figure class=\"wp-block-media-text__media\"><img loading=\"lazy\" decoding=\"async\" width=\"300\" height=\"110\" src=\"https:\/\/www.spielefueralle.de\/wp-content\/uploads\/2026\/01\/LogoMesseLeipzig.jpg\" alt=\"Logo der Hobby Messe Leipzig.\" class=\"wp-image-142 size-full\"\/><\/figure><div class=\"wp-block-media-text__content\">\n<p>Ab 2026 verleihen wir das Siegel auf der &#8222;hobby messe Leipzig&#8220;. Wir freuen uns darauf!<\/p>\n<\/div><\/div>\n\n\n\n<p>Das Spielesiegel: \u201eSpiele f\u00fcr alle \u2013 inklusiv\u201c wird ein Mal im Jahr von einem Gremium von FritZel\u2019s Spielerei e.V. an ein Spiel verliehen, dass besonders gut f\u00fcr m\u00f6glichst viele Menschen mit Behinderung geeignet ist. Uns ist bewusst, dass Behinderungen sehr unterschiedlich und vielf\u00e4ltig sind. Genau deshalb werden wir nicht nur ein Siegel verleihen, sondern auch Vorschl\u00e4ge und Tipps geben, wie man Spiele an die Bed\u00fcrfnisse und F\u00e4higkeiten der Spielenden anpassen kann.<\/p>\n\n\n\n<p>Unser Gremium setzt sich zusammen aus Sozialp\u00e4dagogen, Heilerziehungspflegern, Angeh\u00f6rigen und Menschen mit Behinderung. Die Spiele werden in vielen unterschiedlichen Gruppen getestet.<\/p>\n\n\n\n<div style=\"height:40px\" aria-hidden=\"true\" class=\"wp-block-spacer\"><\/div>\n\n\n\n<h2 class=\"wp-block-heading\">Die vier Hauptkriterien:<\/h2>\n\n\n\n<ol class=\"wp-block-list\">\n<li>Die <strong>Anpassungsf\u00e4higkeit<\/strong> und Vielseitigkeit des Spiels. Es soll einem m\u00f6glichst gro\u00dfen Personenkreis zug\u00e4nglich sein.<\/li>\n\n\n\n<li>Leichte und verst\u00e4ndliche <strong>Regeln<\/strong>.<\/li>\n\n\n\n<li>Die <strong>Zug\u00e4nglichkeit<\/strong> des Spiels: Haptik, Optik und Materialbeschaffenheit. Hat das Spielmaterial Zahlen oder Texte?<\/li>\n\n\n\n<li>Der <strong>Aufforderungscharakter<\/strong> und der <strong>Wiederspielreiz<\/strong> des Spiels.<\/li>\n<\/ol>\n\n\n\n<div style=\"height:50px\" aria-hidden=\"true\" class=\"wp-block-spacer\"><\/div>\n\n\n\n<h2 class=\"wp-block-heading\">Sonderpreis 2025: Orbito<br>(FlexIQ) 2-Personen -Spiel<\/h2>\n\n\n\n<figure class=\"wp-block-image size-large\"><img loading=\"lazy\" decoding=\"async\" width=\"1024\" height=\"683\" src=\"https:\/\/www.spielefueralle.de\/wp-content\/uploads\/2026\/01\/IMG_7123-1024x683.jpg\" alt=\"Schachtel und Spielbrett von Orbito\" class=\"wp-image-157\" srcset=\"https:\/\/www.spielefueralle.de\/wp-content\/uploads\/2026\/01\/IMG_7123-1024x683.jpg 1024w, https:\/\/www.spielefueralle.de\/wp-content\/uploads\/2026\/01\/IMG_7123-300x200.jpg 300w, https:\/\/www.spielefueralle.de\/wp-content\/uploads\/2026\/01\/IMG_7123-768x512.jpg 768w, https:\/\/www.spielefueralle.de\/wp-content\/uploads\/2026\/01\/IMG_7123-1536x1024.jpg 1536w, https:\/\/www.spielefueralle.de\/wp-content\/uploads\/2026\/01\/IMG_7123-2048x1365.jpg 2048w, https:\/\/www.spielefueralle.de\/wp-content\/uploads\/2026\/01\/IMG_7123-1568x1045.jpg 1568w\" sizes=\"auto, (max-width: 1024px) 100vw, 1024px\" \/><\/figure>\n\n\n\n<p><strong>Begr\u00fcndung:<\/strong><\/p>\n\n\n\n<p class=\"has-text-color has-link-color has-custom-weight wp-elements-384909154d912520152b122675051dd0\" style=\"color:#006400;font-weight:bold\"><strong>Pro:<\/strong><\/p>\n\n\n\n<ul class=\"wp-block-list\">\n<li><strong>Niedrige Einstiegsh\u00fcrde:<\/strong> Die Regeln sind in wenigen Minuten erkl\u00e4rt \u2013 ideal f\u00fcr spontane Spielerunden.<\/li>\n\n\n\n<li><strong>Bekanntes Spielprinzip:<\/strong> 4-Gewinnt ist ein Klassiker den alle kennen. Hier mit einem besonderen Kniff &#8211; sich bewegenden Kugeln.<\/li>\n\n\n\n<li><strong>Kurze Spieldauer:<\/strong> Das Spiel eignet sich f\u00fcr zwischdurch, ist kurzweilig und macht Lust auf mehr.<\/li>\n\n\n\n<li><strong>Gut f\u00fcr Menschen mit Sehschw\u00e4che:<\/strong> Die Farben Schwarz und Wei\u00df lassen sich gut unterscheiden.<\/li>\n\n\n\n<li><strong>Gut geeignet f\u00fcr alle Generationen:<\/strong> Kinder, Erwachsene und Senioren k\u00f6nnen problemlos gemeinsam spielen.<\/li>\n<\/ul>\n\n\n\n<p class=\"has-text-color has-link-color wp-elements-8301894c8a0909b4cdf1f560cebc86fd\" style=\"color:#fa0202\"><strong>Kontra:<\/strong><\/p>\n\n\n\n<ul class=\"wp-block-list\">\n<li><strong>Druckknopf fummelig:<\/strong> Die Bedienung des Knopfs ist f\u00fcr Menschen mit motorischen Einschr\u00e4nkungen schwierig.<\/li>\n<\/ul>\n\n\n\n<div style=\"height:50px\" aria-hidden=\"true\" class=\"wp-block-spacer\"><\/div>\n\n\n\n<h2 class=\"wp-block-heading\">Gewiner 2025: So ein Mist (Abacusspiele)<\/h2>\n\n\n\n<figure class=\"wp-block-image size-large\"><img loading=\"lazy\" decoding=\"async\" width=\"1024\" height=\"683\" src=\"https:\/\/www.spielefueralle.de\/wp-content\/uploads\/2025\/12\/SoEinMist-1024x683.jpg\" alt=\"Spielmaterial &quot;So ein Mist&quot;\" class=\"wp-image-78\" srcset=\"https:\/\/www.spielefueralle.de\/wp-content\/uploads\/2025\/12\/SoEinMist-1024x683.jpg 1024w, https:\/\/www.spielefueralle.de\/wp-content\/uploads\/2025\/12\/SoEinMist-300x200.jpg 300w, https:\/\/www.spielefueralle.de\/wp-content\/uploads\/2025\/12\/SoEinMist-768x512.jpg 768w, https:\/\/www.spielefueralle.de\/wp-content\/uploads\/2025\/12\/SoEinMist-1536x1024.jpg 1536w, https:\/\/www.spielefueralle.de\/wp-content\/uploads\/2025\/12\/SoEinMist-2048x1365.jpg 2048w, https:\/\/www.spielefueralle.de\/wp-content\/uploads\/2025\/12\/SoEinMist-1568x1045.jpg 1568w\" sizes=\"auto, (max-width: 1024px) 100vw, 1024px\" \/><\/figure>\n\n\n\n<p><strong>Begr\u00fcndung:<\/strong><\/p>\n\n\n\n<p class=\"has-text-color has-link-color has-custom-weight wp-elements-384909154d912520152b122675051dd0\" style=\"color:#006400;font-weight:bold\"><strong>Pro:<\/strong><\/p>\n\n\n\n<ul class=\"wp-block-list\">\n<li><strong>Niedrige Einstiegsh\u00fcrde:<\/strong> Die Regeln sind in wenigen Minuten erkl\u00e4rt \u2013 ideal f\u00fcr spontane Spielerunden.<\/li>\n\n\n\n<li><strong>Gro\u00dfer Spa\u00dffaktor:<\/strong> Humorvolle Illustrationen und kleine \u00c4rger-Momente sorgen f\u00fcr Lacher und lockere Stimmung.<\/li>\n\n\n\n<li><strong>Gute Anpassbarkeit:<\/strong> Die Regeln lassen sich sehr gut vereinfachen. <\/li>\n\n\n\n<li><strong>Kurze Spieldauer:<\/strong> Das Spiel eignet sich f\u00fcr zwischdurch, ist kurzweilig und macht Lust auf mehr. <\/li>\n\n\n\n<li><strong>Gut geeignet f\u00fcr alle Generationen:<\/strong> Kinder, Erwachsene und Senioren k\u00f6nnen problemlos gemeinsam spielen.<\/li>\n<\/ul>\n\n\n\n<p class=\"has-text-color has-link-color wp-elements-8301894c8a0909b4cdf1f560cebc86fd\" style=\"color:#fa0202\"><strong>Kontra:<\/strong><\/p>\n\n\n\n<ul class=\"wp-block-list\">\n<li><strong>Standsicherheit der Spielfiguren:<\/strong> Die Figuren k\u00f6nnen leicht umfallen. Tipp: Legt die Figuren einfach auf die Seite.<\/li>\n<\/ul>\n\n\n\n<div style=\"height:50px\" aria-hidden=\"true\" class=\"wp-block-spacer\"><\/div>\n\n\n\n<h2 class=\"wp-block-heading\">Gewinner 2024: Ranklotzen (Denkriesen)<\/h2>\n\n\n\n<figure class=\"wp-block-image size-large\"><img loading=\"lazy\" decoding=\"async\" width=\"1024\" height=\"683\" src=\"https:\/\/www.spielefueralle.de\/wp-content\/uploads\/2025\/10\/DSC07543-1024x683.jpg\" alt=\"Spiel Ranklotzen\" class=\"wp-image-39\" srcset=\"https:\/\/www.spielefueralle.de\/wp-content\/uploads\/2025\/10\/DSC07543-1024x683.jpg 1024w, https:\/\/www.spielefueralle.de\/wp-content\/uploads\/2025\/10\/DSC07543-300x200.jpg 300w, https:\/\/www.spielefueralle.de\/wp-content\/uploads\/2025\/10\/DSC07543-768x512.jpg 768w, https:\/\/www.spielefueralle.de\/wp-content\/uploads\/2025\/10\/DSC07543-1536x1024.jpg 1536w, https:\/\/www.spielefueralle.de\/wp-content\/uploads\/2025\/10\/DSC07543-2048x1365.jpg 2048w, https:\/\/www.spielefueralle.de\/wp-content\/uploads\/2025\/10\/DSC07543-1568x1045.jpg 1568w\" sizes=\"auto, (max-width: 1024px) 100vw, 1024px\" \/><figcaption class=\"wp-element-caption\">Familienspiel ab 6 Jahren f\u00fcr 2-6 Spieler. Spiel mit Stapelmechanismus. <br>Autoren: Denis G\u00f6rz und Ricardo Barreto.<\/figcaption><\/figure>\n\n\n\n<p class=\"has-black-color has-text-color has-link-color wp-elements-2a0c1b745392a5b6ac6b57076fe78316\"><strong>Begr\u00fcndung:<\/strong><\/p>\n\n\n\n<p class=\"has-text-color has-link-color wp-elements-d1462a4959681c7a74f31d688af7a1a9\" style=\"color:#006400\"><strong>Pro:<\/strong><\/p>\n\n\n\n<ul class=\"wp-block-list\">\n<li><strong>Kurze Regeln: <\/strong>Das Spiel ist einfach und kommt mit wenigen Regeln aus.<\/li>\n\n\n\n<li><strong>Gut f\u00fcr Motorik: <\/strong>Trainiert die Geschicklichkeit.<\/li>\n\n\n\n<li><strong>Kl\u00f6tze gut zu halten: <\/strong>Die Baukl\u00f6tze sind gut greifbar, auch wenn sie unterschiedliche Gr\u00f6\u00dfen haben.<\/li>\n\n\n\n<li><strong>Gro\u00dfer Spa\u00dffaktor: <\/strong>Gro\u00dfer Spielspa\u00df.<\/li>\n\n\n\n<li><strong>Keine Wartezeiten: <\/strong>Alle spielen gleichzeitig.<\/li>\n\n\n\n<li><strong>Gute Anpassbarkeit: <\/strong>Das Spiel ist an verschiedene Zielgruppen sehr gut anpassbar.<\/li>\n\n\n\n<li><strong>Schnell wegger\u00e4umt: <\/strong>Durch den Sack sind die Baukl\u00f6tze schnell aufger\u00e4umt.<\/li>\n\n\n\n<li><strong>F\u00fcr gro\u00dfe Gruppen: <\/strong>Das Spiel ist auf mehr Spieler erweiterbar. (Immer zwei Spieler pro Erweiterungsset).<\/li>\n<\/ul>\n\n\n\n<p class=\"has-text-color has-link-color wp-elements-8301894c8a0909b4cdf1f560cebc86fd\" style=\"color:#fa0202\"><strong>Kontra:<\/strong><\/p>\n\n\n\n<ul class=\"wp-block-list\">\n<li><strong>Format der Regel: <\/strong>Die Anleitung hat viel Werbung und ist unpraktisch, da es ein Faltzettel ist.<\/li>\n\n\n\n<li><strong>Aufr\u00e4umen von oben: <\/strong>Die Karten sind ein bisschen schwierig zu verstauen.<\/li>\n<\/ul>\n\n\n\n<div style=\"height:50px\" aria-hidden=\"true\" class=\"wp-block-spacer\"><\/div>\n\n\n\n<h2 class=\"wp-block-heading\">Gewinner 2023: Da kommt der Wurm raus (Zoch)<\/h2>\n\n\n\n<figure class=\"wp-block-image size-large\"><img loading=\"lazy\" decoding=\"async\" width=\"1024\" height=\"683\" src=\"https:\/\/www.spielefueralle.de\/wp-content\/uploads\/2025\/10\/IMG_5328-1024x683.jpg\" alt=\"Spielaufbau von &quot;Da kommt der Wurm raus&quot;.\" class=\"wp-image-40\" srcset=\"https:\/\/www.spielefueralle.de\/wp-content\/uploads\/2025\/10\/IMG_5328-1024x683.jpg 1024w, https:\/\/www.spielefueralle.de\/wp-content\/uploads\/2025\/10\/IMG_5328-300x200.jpg 300w, https:\/\/www.spielefueralle.de\/wp-content\/uploads\/2025\/10\/IMG_5328-768x512.jpg 768w, https:\/\/www.spielefueralle.de\/wp-content\/uploads\/2025\/10\/IMG_5328-1536x1024.jpg 1536w, https:\/\/www.spielefueralle.de\/wp-content\/uploads\/2025\/10\/IMG_5328-2048x1365.jpg 2048w, https:\/\/www.spielefueralle.de\/wp-content\/uploads\/2025\/10\/IMG_5328-1568x1045.jpg 1568w\" sizes=\"auto, (max-width: 1024px) 100vw, 1024px\" \/><figcaption class=\"wp-element-caption\"><br>Kinderspiel ab 5 Jahren f\u00fcr 2-5 Spieler. Spiel mit Memory Mechanismus.<br>Autor: Reiner Knizia.<\/figcaption><\/figure>\n\n\n\n<p><strong>Begr\u00fcndung:<\/strong><\/p>\n\n\n\n<p class=\"has-text-color has-link-color wp-elements-d1462a4959681c7a74f31d688af7a1a9\" style=\"color:#006400\"><strong>Pro:<\/strong><\/p>\n\n\n\n<ul class=\"wp-block-list\">\n<li><strong>Niedrige Einstiegsh\u00fcrde:<\/strong> Das Spiel ist einfach und kommt mit wenigen Regeln aus.<\/li>\n\n\n\n<li><strong>Memory Effekt:<\/strong> Trainiert das Ged\u00e4chtnis.<\/li>\n\n\n\n<li><strong>Gutes Handling: <\/strong>W\u00fcrmer sind gut greifbar und liegen haptisch gut in der Hand. Sie stehen rutschfest auf den Pl\u00e4ttchen.<\/li>\n\n\n\n<li><strong>Gro\u00dfer Spa\u00dffaktor:<\/strong> Gro\u00dfer Spielspa\u00df.<\/li>\n\n\n\n<li><strong>Kaum Wartezeiten: <\/strong>Fl\u00fcssiger Spielablauf.<\/li>\n\n\n\n<li><strong>Gute Anpassbarkeit: <\/strong>Das Spiel ist an verschiedene Zielgruppen sehr gut anpassbar.<\/li>\n\n\n\n<li><strong>Kompaktes Format:<\/strong> Durch die kompakte Schachtelgr\u00f6\u00dfe kann es gut mitgenommen werden.<\/li>\n<\/ul>\n\n\n\n<p class=\"has-text-color has-link-color wp-elements-8301894c8a0909b4cdf1f560cebc86fd\" style=\"color:#fa0202\"><strong>Kontra:<\/strong><\/p>\n\n\n\n<ul class=\"wp-block-list\">\n<li><strong>Schachtel zu eng: <\/strong>Deckel l\u00e4sst sich schwer \u00f6ffnen.<\/li>\n\n\n\n<li><strong>Pl\u00e4ttchen etwas flach: <\/strong>Bl\u00fcten sind etwas schwer zu greifen und umzudrehen.<\/li>\n\n\n\n<li><strong>Nicht farbenblindsicher: <\/strong>Farben sind keine farbenblindsichere Farben.<\/li>\n\n\n\n<li><strong>Illustration: <\/strong>Grafik sehr kindlich.<\/li>\n<\/ul>\n\n\n\n<figure class=\"wp-block-image size-large\"><img loading=\"lazy\" decoding=\"async\" width=\"1024\" height=\"443\" src=\"https:\/\/www.spielefueralle.de\/wp-content\/uploads\/2025\/12\/Baden-Wuerttemberg_Stiftung_Logo_neu-1024x443.jpg\" alt=\"Logo der Baden-W\u00fcrttemberg Stiftung\" class=\"wp-image-123\" srcset=\"https:\/\/www.spielefueralle.de\/wp-content\/uploads\/2025\/12\/Baden-Wuerttemberg_Stiftung_Logo_neu-1024x443.jpg 1024w, https:\/\/www.spielefueralle.de\/wp-content\/uploads\/2025\/12\/Baden-Wuerttemberg_Stiftung_Logo_neu-300x130.jpg 300w, https:\/\/www.spielefueralle.de\/wp-content\/uploads\/2025\/12\/Baden-Wuerttemberg_Stiftung_Logo_neu-768x332.jpg 768w, https:\/\/www.spielefueralle.de\/wp-content\/uploads\/2025\/12\/Baden-Wuerttemberg_Stiftung_Logo_neu-1536x665.jpg 1536w, https:\/\/www.spielefueralle.de\/wp-content\/uploads\/2025\/12\/Baden-Wuerttemberg_Stiftung_Logo_neu-2048x887.jpg 2048w, https:\/\/www.spielefueralle.de\/wp-content\/uploads\/2025\/12\/Baden-Wuerttemberg_Stiftung_Logo_neu-1568x679.jpg 1568w\" sizes=\"auto, (max-width: 1024px) 100vw, 1024px\" \/><figcaption class=\"wp-element-caption\">Wir danken f\u00fcr die Unterst\u00fctzung 2023-2025.<\/figcaption><\/figure>\n","protected":false},"excerpt":{"rendered":"<p>Neueste Infos: Ab 2026 verleihen wir das Siegel auf der &#8222;hobby messe Leipzig&#8220;. Wir freuen uns darauf! Das Spielesiegel: \u201eSpiele f\u00fcr alle \u2013 inklusiv\u201c wird ein Mal im Jahr von einem Gremium von FritZel\u2019s Spielerei e.V. an ein Spiel verliehen, dass besonders gut f\u00fcr m\u00f6glichst viele Menschen mit Behinderung geeignet ist. Uns ist bewusst, dass&hellip; <a class=\"more-link\" href=\"https:\/\/www.spielefueralle.de\/\"><span class=\"screen-reader-text\">Spiele f\u00fcr alle &#8211; inklusiv<\/span> weiterlesen<\/a><\/p>\n","protected":false},"author":1,"featured_media":0,"parent":0,"menu_order":0,"comment_status":"closed","ping_status":"closed","template":"","meta":{"_coblocks_attr":"","_coblocks_dimensions":"","_coblocks_responsive_height":"","_coblocks_accordion_ie_support":"","footnotes":""},"class_list":["post-31","page","type-page","status-publish","hentry","entry"],"_links":{"self":[{"href":"https:\/\/www.spielefueralle.de\/index.php\/wp-json\/wp\/v2\/pages\/31","targetHints":{"allow":["GET"]}}],"collection":[{"href":"https:\/\/www.spielefueralle.de\/index.php\/wp-json\/wp\/v2\/pages"}],"about":[{"href":"https:\/\/www.spielefueralle.de\/index.php\/wp-json\/wp\/v2\/types\/page"}],"author":[{"embeddable":true,"href":"https:\/\/www.spielefueralle.de\/index.php\/wp-json\/wp\/v2\/users\/1"}],"replies":[{"embeddable":true,"href":"https:\/\/www.spielefueralle.de\/index.php\/wp-json\/wp\/v2\/comments?post=31"}],"version-history":[{"count":25,"href":"https:\/\/www.spielefueralle.de\/index.php\/wp-json\/wp\/v2\/pages\/31\/revisions"}],"predecessor-version":[{"id":161,"href":"https:\/\/www.spielefueralle.de\/index.php\/wp-json\/wp\/v2\/pages\/31\/revisions\/161"}],"wp:attachment":[{"href":"https:\/\/www.spielefueralle.de\/index.php\/wp-json\/wp\/v2\/media?parent=31"}],"curies":[{"name":"wp","href":"https:\/\/api.w.org\/{rel}","templated":true}]}}